{"id":5490,"date":"2024-09-23T02:16:18","date_gmt":"2024-09-23T02:16:18","guid":{"rendered":"https:\/\/seashell-hare-176176.hostingersite.com\/support\/"},"modified":"2025-02-20T15:09:15","modified_gmt":"2025-02-20T15:09:15","slug":"support","status":"publish","type":"page","link":"https:\/\/vendabem.com.br\/en\/support\/","title":{"rendered":"Support"},"content":{"rendered":"\t\t<div data-elementor-type=\"wp-page\" data-elementor-id=\"5490\" class=\"elementor elementor-5490 elementor-1477\" data-elementor-post-type=\"page\">\n\t\t\t\t<div class=\"elementor-element elementor-element-6859208 e-flex e-con-boxed e-con e-parent\" data-id=\"6859208\" data-element_type=\"container\" data-settings=\"{&quot;background_background&quot;:&quot;classic&quot;,&quot;jet_parallax_layout_list&quot;:[]}\">\n\t\t\t\t\t<div class=\"e-con-inner\">\n\t\t\t\t<div class=\"elementor-element elementor-element-0b54c46 elementor-widget elementor-widget-heading\" data-id=\"0b54c46\" data-element_type=\"widget\" data-widget_type=\"heading.default\">\n\t\t\t\t<div class=\"elementor-widget-container\">\n\t\t\t\t\t<h1 class=\"elementor-heading-title elementor-size-default\">Support from VendaBem<\/h1>\t\t\t\t<\/div>\n\t\t\t\t<\/div>\n\t\t\t\t<div class=\"elementor-element elementor-element-f394f6f elementor-widget elementor-widget-heading\" data-id=\"f394f6f\" data-element_type=\"widget\" data-widget_type=\"heading.default\">\n\t\t\t\t<div class=\"elementor-widget-container\">\n\t\t\t\t\t<h2 class=\"elementor-heading-title elementor-size-default\">In need of help?<\/h2>\t\t\t\t<\/div>\n\t\t\t\t<\/div>\n\t\t\t\t<div class=\"elementor-element elementor-element-852282d elementor-widget__width-initial elementor-widget elementor-widget-heading\" data-id=\"852282d\" data-element_type=\"widget\" data-widget_type=\"heading.default\">\n\t\t\t\t<div class=\"elementor-widget-container\">\n\t\t\t\t\t<p class=\"elementor-heading-title elementor-size-default\">We know that our customers' satisfaction is directly linked to agile, efficient and high-quality service. We are ready to answer all your questions and ensure that you make the most of all the features of our system. Our main differentiator is personalized service, focused on quick and effective solutions for your company.  \n<\/p>\t\t\t\t<\/div>\n\t\t\t\t<\/div>\n\t\t\t\t\t<\/div>\n\t\t\t\t<\/div>\n\t\t<div class=\"elementor-element elementor-element-3114cc0 e-flex e-con-boxed e-con e-parent\" data-id=\"3114cc0\" data-element_type=\"container\" data-settings=\"{&quot;background_background&quot;:&quot;classic&quot;,&quot;jet_parallax_layout_list&quot;:[]}\">\n\t\t\t\t\t<div class=\"e-con-inner\">\n\t\t<div class=\"elementor-element elementor-element-550c111 e-con-full e-flex e-con e-child\" data-id=\"550c111\" data-element_type=\"container\" data-settings=\"{&quot;jet_parallax_layout_list&quot;:[]}\">\n\t\t<div class=\"elementor-element elementor-element-e2c4603 e-con-full e-flex e-con e-child\" data-id=\"e2c4603\" data-element_type=\"container\" data-settings=\"{&quot;background_background&quot;:&quot;classic&quot;,&quot;jet_parallax_layout_list&quot;:[]}\">\n\t\t<div class=\"elementor-element elementor-element-c36e6ee e-con-full e-flex e-con e-child\" data-id=\"c36e6ee\" data-element_type=\"container\" data-settings=\"{&quot;jet_parallax_layout_list&quot;:[]}\">\n\t\t\t\t<div class=\"elementor-element elementor-element-9e10237 elementor-view-stacked elementor-shape-circle elementor-widget elementor-widget-icon\" data-id=\"9e10237\" data-element_type=\"widget\" data-widget_type=\"icon.default\">\n\t\t\t\t<div class=\"elementor-widget-container\">\n\t\t\t\t\t\t\t<div class=\"elementor-icon-wrapper\">\n\t\t\t<a class=\"elementor-icon\" href=\"https:\/\/api.whatsapp.com\/send?phone=555432237701\" target=\"_blank\">\n\t\t\t<svg aria-hidden=\"true\" class=\"e-font-icon-svg e-fab-whatsapp\" viewBox=\"0 0 448 512\" xmlns=\"http:\/\/www.w3.org\/2000\/svg\"><path d=\"M380.9 97.1C339 55.1 283.2 32 223.9 32c-122.4 0-222 99.6-222 222 0 39.1 10.2 77.3 29.6 111L0 480l117.7-30.9c32.4 17.7 68.9 27 106.1 27h.1c122.3 0 224.1-99.6 224.1-222 0-59.3-25.2-115-67.1-157zm-157 341.6c-33.2 0-65.7-8.9-94-25.7l-6.7-4-69.8 18.3L72 359.2l-4.4-7c-18.5-29.4-28.2-63.3-28.2-98.2 0-101.7 82.8-184.5 184.6-184.5 49.3 0 95.6 19.2 130.4 54.1 34.8 34.9 56.2 81.2 56.1 130.5 0 101.8-84.9 184.6-186.6 184.6zm101.2-138.2c-5.5-2.8-32.8-16.2-37.9-18-5.1-1.9-8.8-2.8-12.5 2.8-3.7 5.6-14.3 18-17.6 21.8-3.2 3.7-6.5 4.2-12 1.4-32.6-16.3-54-29.1-75.5-66-5.7-9.8 5.7-9.1 16.3-30.3 1.8-3.7.9-6.9-.5-9.7-1.4-2.8-12.5-30.1-17.1-41.2-4.5-10.8-9.1-9.3-12.5-9.5-3.2-.2-6.9-.2-10.6-.2-3.7 0-9.7 1.4-14.8 6.9-5.1 5.6-19.4 19-19.4 46.3 0 27.3 19.9 53.7 22.6 57.4 2.8 3.7 39.1 59.7 94.8 83.8 35.2 15.2 49 16.5 66.6 13.9 10.7-1.6 32.8-13.4 37.4-26.4 4.6-13 4.6-24.1 3.2-26.4-1.3-2.5-5-3.9-10.5-6.6z\"><\/path><\/svg>\t\t\t<\/a>\n\t\t<\/div>\n\t\t\t\t\t\t<\/div>\n\t\t\t\t<\/div>\n\t\t\t\t<div class=\"elementor-element elementor-element-972c5d9 elementor-view-default elementor-widget elementor-widget-icon\" data-id=\"972c5d9\" data-element_type=\"widget\" data-widget_type=\"icon.default\">\n\t\t\t\t<div class=\"elementor-widget-container\">\n\t\t\t\t\t\t\t<div class=\"elementor-icon-wrapper\">\n\t\t\t<a class=\"elementor-icon\" href=\"https:\/\/api.whatsapp.com\/send?phone=555432237701\" target=\"_blank\">\n\t\t\t<svg xmlns=\"http:\/\/www.w3.org\/2000\/svg\" width=\"24\" height=\"24\" viewBox=\"0 0 24 24\" fill=\"none\"><path d=\"M7 17L17 7M17 7H7M17 7V17\" stroke=\"#EC8E03\" stroke-width=\"2\" stroke-linecap=\"round\" stroke-linejoin=\"round\"><\/path><\/svg>\t\t\t<\/a>\n\t\t<\/div>\n\t\t\t\t\t\t<\/div>\n\t\t\t\t<\/div>\n\t\t\t\t<\/div>\n\t\t<div class=\"elementor-element elementor-element-12a9a63 e-con-full e-flex e-con e-child\" data-id=\"12a9a63\" data-element_type=\"container\" data-settings=\"{&quot;jet_parallax_layout_list&quot;:[]}\">\n\t\t\t\t<div class=\"elementor-element elementor-element-95ba362 elementor-widget elementor-widget-heading\" data-id=\"95ba362\" data-element_type=\"widget\" data-widget_type=\"heading.default\">\n\t\t\t\t<div class=\"elementor-widget-container\">\n\t\t\t\t\t<h3 class=\"elementor-heading-title elementor-size-default\"><a href=\"https:\/\/api.whatsapp.com\/send?phone=555432237701\" target=\"_blank\">WhatsApp<\/a><\/h3>\t\t\t\t<\/div>\n\t\t\t\t<\/div>\n\t\t\t\t<div class=\"elementor-element elementor-element-d3c6e8a elementor-widget elementor-widget-heading\" data-id=\"d3c6e8a\" data-element_type=\"widget\" data-widget_type=\"heading.default\">\n\t\t\t\t<div class=\"elementor-widget-container\">\n\t\t\t\t\t<p class=\"elementor-heading-title elementor-size-default\"><a href=\"https:\/\/api.whatsapp.com\/send?phone=555432237701\" target=\"_blank\">(54) 3223-7701<\/a><\/p>\t\t\t\t<\/div>\n\t\t\t\t<\/div>\n\t\t\t\t<\/div>\n\t\t\t\t<\/div>\n\t\t<div class=\"elementor-element elementor-element-4df6f41 e-con-full e-flex e-con e-child\" data-id=\"4df6f41\" data-element_type=\"container\" data-settings=\"{&quot;background_background&quot;:&quot;classic&quot;,&quot;jet_parallax_layout_list&quot;:[]}\">\n\t\t<div class=\"elementor-element elementor-element-fbef92c e-con-full e-flex e-con e-child\" data-id=\"fbef92c\" data-element_type=\"container\" data-settings=\"{&quot;jet_parallax_layout_list&quot;:[]}\">\n\t\t\t\t<div class=\"elementor-element elementor-element-c1183ce elementor-view-stacked elementor-shape-circle elementor-widget elementor-widget-icon\" data-id=\"c1183ce\" data-element_type=\"widget\" data-widget_type=\"icon.default\">\n\t\t\t\t<div class=\"elementor-widget-container\">\n\t\t\t\t\t\t\t<div class=\"elementor-icon-wrapper\">\n\t\t\t<a class=\"elementor-icon\" href=\"tel:(54)%203223-7701\" target=\"_blank\">\n\t\t\t<svg aria-hidden=\"true\" class=\"e-font-icon-svg e-fas-phone-alt\" viewBox=\"0 0 512 512\" xmlns=\"http:\/\/www.w3.org\/2000\/svg\"><path d=\"M497.39 361.8l-112-48a24 24 0 0 0-28 6.9l-49.6 60.6A370.66 370.66 0 0 1 130.6 204.11l60.6-49.6a23.94 23.94 0 0 0 6.9-28l-48-112A24.16 24.16 0 0 0 122.6.61l-104 24A24 24 0 0 0 0 48c0 256.5 207.9 464 464 464a24 24 0 0 0 23.4-18.6l24-104a24.29 24.29 0 0 0-14.01-27.6z\"><\/path><\/svg>\t\t\t<\/a>\n\t\t<\/div>\n\t\t\t\t\t\t<\/div>\n\t\t\t\t<\/div>\n\t\t\t\t<div class=\"elementor-element elementor-element-b80d2f0 elementor-view-default elementor-widget elementor-widget-icon\" data-id=\"b80d2f0\" data-element_type=\"widget\" data-widget_type=\"icon.default\">\n\t\t\t\t<div class=\"elementor-widget-container\">\n\t\t\t\t\t\t\t<div class=\"elementor-icon-wrapper\">\n\t\t\t<a class=\"elementor-icon\" href=\"tel:(54)%203223-7701\" target=\"_blank\">\n\t\t\t<svg xmlns=\"http:\/\/www.w3.org\/2000\/svg\" width=\"24\" height=\"24\" viewBox=\"0 0 24 24\" fill=\"none\"><path d=\"M7 17L17 7M17 7H7M17 7V17\" stroke=\"#EC8E03\" stroke-width=\"2\" stroke-linecap=\"round\" stroke-linejoin=\"round\"><\/path><\/svg>\t\t\t<\/a>\n\t\t<\/div>\n\t\t\t\t\t\t<\/div>\n\t\t\t\t<\/div>\n\t\t\t\t<\/div>\n\t\t<div class=\"elementor-element elementor-element-770c841 e-con-full e-flex e-con e-child\" data-id=\"770c841\" data-element_type=\"container\" data-settings=\"{&quot;jet_parallax_layout_list&quot;:[]}\">\n\t\t\t\t<div class=\"elementor-element elementor-element-cc910a0 elementor-widget elementor-widget-heading\" data-id=\"cc910a0\" data-element_type=\"widget\" data-widget_type=\"heading.default\">\n\t\t\t\t<div class=\"elementor-widget-container\">\n\t\t\t\t\t<h3 class=\"elementor-heading-title elementor-size-default\"><a href=\"tel:(54)%203223-7701\" target=\"_blank\">Telephone<\/a><\/h3>\t\t\t\t<\/div>\n\t\t\t\t<\/div>\n\t\t\t\t<div class=\"elementor-element elementor-element-db2426c elementor-widget elementor-widget-heading\" data-id=\"db2426c\" data-element_type=\"widget\" data-widget_type=\"heading.default\">\n\t\t\t\t<div class=\"elementor-widget-container\">\n\t\t\t\t\t<p class=\"elementor-heading-title elementor-size-default\"><a href=\"tel:(54)%203223-7701\" target=\"_blank\">(54) 3223-7701<\/a><\/p>\t\t\t\t<\/div>\n\t\t\t\t<\/div>\n\t\t\t\t<\/div>\n\t\t\t\t<\/div>\n\t\t<div class=\"elementor-element elementor-element-7d8e1ad e-con-full e-flex e-con e-child\" data-id=\"7d8e1ad\" data-element_type=\"container\" data-settings=\"{&quot;background_background&quot;:&quot;classic&quot;,&quot;jet_parallax_layout_list&quot;:[]}\">\n\t\t<div class=\"elementor-element elementor-element-229bf30 e-con-full e-flex e-con e-child\" data-id=\"229bf30\" data-element_type=\"container\" data-settings=\"{&quot;jet_parallax_layout_list&quot;:[]}\">\n\t\t\t\t<div class=\"elementor-element elementor-element-5e0f8e0 elementor-view-stacked elementor-shape-circle elementor-widget elementor-widget-icon\" data-id=\"5e0f8e0\" data-element_type=\"widget\" data-widget_type=\"icon.default\">\n\t\t\t\t<div class=\"elementor-widget-container\">\n\t\t\t\t\t\t\t<div class=\"elementor-icon-wrapper\">\n\t\t\t<div class=\"elementor-icon\">\n\t\t\t<svg aria-hidden=\"true\" class=\"e-font-icon-svg e-far-envelope\" viewBox=\"0 0 512 512\" xmlns=\"http:\/\/www.w3.org\/2000\/svg\"><path d=\"M464 64H48C21.49 64 0 85.49 0 112v288c0 26.51 21.49 48 48 48h416c26.51 0 48-21.49 48-48V112c0-26.51-21.49-48-48-48zm0 48v40.805c-22.422 18.259-58.168 46.651-134.587 106.49-16.841 13.247-50.201 45.072-73.413 44.701-23.208.375-56.579-31.459-73.413-44.701C106.18 199.465 70.425 171.067 48 152.805V112h416zM48 400V214.398c22.914 18.251 55.409 43.862 104.938 82.646 21.857 17.205 60.134 55.186 103.062 54.955 42.717.231 80.509-37.199 103.053-54.947 49.528-38.783 82.032-64.401 104.947-82.653V400H48z\"><\/path><\/svg>\t\t\t<\/div>\n\t\t<\/div>\n\t\t\t\t\t\t<\/div>\n\t\t\t\t<\/div>\n\t\t\t\t<\/div>\n\t\t<div class=\"elementor-element elementor-element-ecf444f e-con-full e-flex e-con e-child\" data-id=\"ecf444f\" data-element_type=\"container\" data-settings=\"{&quot;jet_parallax_layout_list&quot;:[]}\">\n\t\t\t\t<div class=\"elementor-element elementor-element-dd8893f elementor-widget elementor-widget-heading\" data-id=\"dd8893f\" data-element_type=\"widget\" data-widget_type=\"heading.default\">\n\t\t\t\t<div class=\"elementor-widget-container\">\n\t\t\t\t\t<h3 class=\"elementor-heading-title elementor-size-default\">E-mail <\/h3>\t\t\t\t<\/div>\n\t\t\t\t<\/div>\n\t\t<div class=\"elementor-element elementor-element-2d2a7ce e-con-full e-flex e-con e-child\" data-id=\"2d2a7ce\" data-element_type=\"container\" data-settings=\"{&quot;jet_parallax_layout_list&quot;:[]}\">\n\t\t\t\t<div class=\"elementor-element elementor-element-c6d3523 elementor-widget elementor-widget-heading\" data-id=\"c6d3523\" data-element_type=\"widget\" data-widget_type=\"heading.default\">\n\t\t\t\t<div class=\"elementor-widget-container\">\n\t\t\t\t\t<p class=\"elementor-heading-title elementor-size-default\"><a href=\"mailto:comercial@vendabem.com.br\">comercial@vendabem.com.br\n<\/a><\/p>\t\t\t\t<\/div>\n\t\t\t\t<\/div>\n\t\t\t\t<div class=\"elementor-element elementor-element-d9560ba elementor-widget elementor-widget-heading\" data-id=\"d9560ba\" data-element_type=\"widget\" data-widget_type=\"heading.default\">\n\t\t\t\t<div class=\"elementor-widget-container\">\n\t\t\t\t\t<p class=\"elementor-heading-title elementor-size-default\"><a href=\"mailto:consultoria@vendabem.com.br\">consultoria@vendabem.com.br<\/a><\/p>\t\t\t\t<\/div>\n\t\t\t\t<\/div>\n\t\t\t\t<div class=\"elementor-element elementor-element-4e7dfaf elementor-widget elementor-widget-heading\" data-id=\"4e7dfaf\" data-element_type=\"widget\" data-widget_type=\"heading.default\">\n\t\t\t\t<div class=\"elementor-widget-container\">\n\t\t\t\t\t<p class=\"elementor-heading-title elementor-size-default\"><a href=\"mailto:suporte@vendabem.com.br\">suporte@vendabem.com.br<\/a><\/p>\t\t\t\t<\/div>\n\t\t\t\t<\/div>\n\t\t\t\t<div class=\"elementor-element elementor-element-8b2d007 elementor-widget elementor-widget-heading\" data-id=\"8b2d007\" data-element_type=\"widget\" data-widget_type=\"heading.default\">\n\t\t\t\t<div class=\"elementor-widget-container\">\n\t\t\t\t\t<p class=\"elementor-heading-title elementor-size-default\"><a href=\"mailto:financeiro@vendabem.com.br\">financeiro@vendabem.com.br<\/a><\/p>\t\t\t\t<\/div>\n\t\t\t\t<\/div>\n\t\t\t\t<\/div>\n\t\t\t\t<\/div>\n\t\t\t\t<\/div>\n\t\t<div class=\"elementor-element elementor-element-9e3d951 e-con-full e-flex e-con e-child\" data-id=\"9e3d951\" data-element_type=\"container\" data-settings=\"{&quot;background_background&quot;:&quot;classic&quot;,&quot;jet_parallax_layout_list&quot;:[]}\">\n\t\t<div class=\"elementor-element elementor-element-701eb76 e-con-full e-flex e-con e-child\" data-id=\"701eb76\" data-element_type=\"container\" data-settings=\"{&quot;jet_parallax_layout_list&quot;:[]}\">\n\t\t\t\t<div class=\"elementor-element elementor-element-cb33ba4 elementor-view-stacked elementor-shape-circle elementor-widget elementor-widget-icon\" data-id=\"cb33ba4\" data-element_type=\"widget\" data-widget_type=\"icon.default\">\n\t\t\t\t<div class=\"elementor-widget-container\">\n\t\t\t\t\t\t\t<div class=\"elementor-icon-wrapper\">\n\t\t\t<div class=\"elementor-icon\">\n\t\t\t<svg aria-hidden=\"true\" class=\"e-font-icon-svg e-far-clock\" viewBox=\"0 0 512 512\" xmlns=\"http:\/\/www.w3.org\/2000\/svg\"><path d=\"M256 8C119 8 8 119 8 256s111 248 248 248 248-111 248-248S393 8 256 8zm0 448c-110.5 0-200-89.5-200-200S145.5 56 256 56s200 89.5 200 200-89.5 200-200 200zm61.8-104.4l-84.9-61.7c-3.1-2.3-4.9-5.9-4.9-9.7V116c0-6.6 5.4-12 12-12h32c6.6 0 12 5.4 12 12v141.7l66.8 48.6c5.4 3.9 6.5 11.4 2.6 16.8L334.6 349c-3.9 5.3-11.4 6.5-16.8 2.6z\"><\/path><\/svg>\t\t\t<\/div>\n\t\t<\/div>\n\t\t\t\t\t\t<\/div>\n\t\t\t\t<\/div>\n\t\t\t\t<\/div>\n\t\t<div class=\"elementor-element elementor-element-b65da12 e-con-full e-flex e-con e-child\" data-id=\"b65da12\" data-element_type=\"container\" data-settings=\"{&quot;jet_parallax_layout_list&quot;:[]}\">\n\t\t\t\t<div class=\"elementor-element elementor-element-4260c03 elementor-widget elementor-widget-heading\" data-id=\"4260c03\" data-element_type=\"widget\" data-widget_type=\"heading.default\">\n\t\t\t\t<div class=\"elementor-widget-container\">\n\t\t\t\t\t<h3 class=\"elementor-heading-title elementor-size-default\">Schedules<\/h3>\t\t\t\t<\/div>\n\t\t\t\t<\/div>\n\t\t<div class=\"elementor-element elementor-element-ee77d8a e-con-full e-flex e-con e-child\" data-id=\"ee77d8a\" data-element_type=\"container\" data-settings=\"{&quot;jet_parallax_layout_list&quot;:[]}\">\n\t\t\t\t<div class=\"elementor-element elementor-element-8493c0e elementor-widget__width-initial elementor-widget elementor-widget-heading\" data-id=\"8493c0e\" data-element_type=\"widget\" data-widget_type=\"heading.default\">\n\t\t\t\t<div class=\"elementor-widget-container\">\n\t\t\t\t\t<p class=\"elementor-heading-title elementor-size-default\">Seg a Sex - 8:30 \u00e0s 12:00 e das 13:00 \u00e0s 18:15<\/p>\t\t\t\t<\/div>\n\t\t\t\t<\/div>\n\t\t\t\t<div class=\"elementor-element elementor-element-45dad02 elementor-widget elementor-widget-heading\" data-id=\"45dad02\" data-element_type=\"widget\" data-widget_type=\"heading.default\">\n\t\t\t\t<div class=\"elementor-widget-container\">\n\t\t\t\t\t<p class=\"elementor-heading-title elementor-size-default\">S\u00e1b e dom - Duty, see your plan for more information.<\/p>\t\t\t\t<\/div>\n\t\t\t\t<\/div>\n\t\t\t\t<\/div>\n\t\t\t\t<\/div>\n\t\t\t\t<\/div>\n\t\t\t\t<\/div>\n\t\t\t\t\t<\/div>\n\t\t\t\t<\/div>\n\t\t\t\t<\/div>\n\t\t","protected":false},"excerpt":{"rendered":"<p>Support from VendaBem In need of help? We know that our customers&#8217; satisfaction is directly linked to agile, efficient and high-quality service. We are ready to answer all your questions and ensure that you make the most of all the features of our system. Our main differentiator is personalized service, focused on quick and effective [&hellip;]<\/p>\n","protected":false},"author":1,"featured_media":3373,"parent":0,"menu_order":0,"comment_status":"closed","ping_status":"closed","template":"elementor_header_footer","meta":{"footnotes":""},"class_list":["post-5490","page","type-page","status-publish","has-post-thumbnail","hentry"],"yoast_head":"<!-- This site is optimized with the Yoast SEO plugin v26.8 - https:\/\/yoast.com\/product\/yoast-seo-wordpress\/ -->\n<title>VendaBem - Support<\/title>\n<meta name=\"description\" content=\"Estamos prontos para esclarecer todas as suas d\u00favidas e garantir que voc\u00ea aproveite ao m\u00e1ximo todas as funcionalidades do nosso sistema.\" \/>\n<meta name=\"robots\" content=\"index, follow, max-snippet:-1, max-image-preview:large, max-video-preview:-1\" \/>\n<link rel=\"canonical\" href=\"https:\/\/vendabem.com.br\/en\/support\/\" \/>\n<meta property=\"og:locale\" content=\"en_US\" \/>\n<meta property=\"og:type\" content=\"article\" \/>\n<meta property=\"og:title\" content=\"VendaBem - Support\" \/>\n<meta property=\"og:description\" content=\"Estamos prontos para esclarecer todas as suas d\u00favidas e garantir que voc\u00ea aproveite ao m\u00e1ximo todas as funcionalidades do nosso sistema.\" \/>\n<meta property=\"og:url\" content=\"https:\/\/vendabem.com.br\/en\/support\/\" \/>\n<meta property=\"og:site_name\" content=\"VendaBem\" \/>\n<meta property=\"article:publisher\" content=\"https:\/\/www.facebook.com\/vendabemsistemas\" \/>\n<meta property=\"article:modified_time\" content=\"2025-02-20T15:09:15+00:00\" \/>\n<meta property=\"og:image\" content=\"https:\/\/vendabem.com.br\/wp-content\/uploads\/2024\/10\/Imagem-do-site-VendaBem-Yoast.jpg\" \/>\n\t<meta property=\"og:image:width\" content=\"1200\" \/>\n\t<meta property=\"og:image:height\" content=\"675\" \/>\n\t<meta property=\"og:image:type\" content=\"image\/jpeg\" \/>\n<meta name=\"twitter:card\" content=\"summary_large_image\" \/>\n<meta name=\"twitter:label1\" content=\"Est. reading time\" \/>\n\t<meta name=\"twitter:data1\" content=\"1 minute\" \/>\n<script type=\"application\/ld+json\" class=\"yoast-schema-graph\">{\"@context\":\"https:\/\/schema.org\",\"@graph\":[{\"@type\":\"WebPage\",\"@id\":\"https:\/\/vendabem.com.br\/en\/support\/\",\"url\":\"https:\/\/vendabem.com.br\/en\/support\/\",\"name\":\"VendaBem - Support\",\"isPartOf\":{\"@id\":\"https:\/\/vendabem.com.br\/en\/#website\"},\"primaryImageOfPage\":{\"@id\":\"https:\/\/vendabem.com.br\/en\/support\/#primaryimage\"},\"image\":{\"@id\":\"https:\/\/vendabem.com.br\/en\/support\/#primaryimage\"},\"thumbnailUrl\":\"https:\/\/vendabem.com.br\/wp-content\/uploads\/2024\/10\/Imagem-do-site-VendaBem-Yoast.jpg\",\"datePublished\":\"2024-09-23T02:16:18+00:00\",\"dateModified\":\"2025-02-20T15:09:15+00:00\",\"description\":\"Estamos prontos para esclarecer todas as suas d\u00favidas e garantir que voc\u00ea aproveite ao m\u00e1ximo todas as funcionalidades do nosso sistema.\",\"breadcrumb\":{\"@id\":\"https:\/\/vendabem.com.br\/en\/support\/#breadcrumb\"},\"inLanguage\":\"en-US\",\"potentialAction\":[{\"@type\":\"ReadAction\",\"target\":[\"https:\/\/vendabem.com.br\/en\/support\/\"]}]},{\"@type\":\"ImageObject\",\"inLanguage\":\"en-US\",\"@id\":\"https:\/\/vendabem.com.br\/en\/support\/#primaryimage\",\"url\":\"https:\/\/vendabem.com.br\/wp-content\/uploads\/2024\/10\/Imagem-do-site-VendaBem-Yoast.jpg\",\"contentUrl\":\"https:\/\/vendabem.com.br\/wp-content\/uploads\/2024\/10\/Imagem-do-site-VendaBem-Yoast.jpg\",\"width\":1200,\"height\":675},{\"@type\":\"BreadcrumbList\",\"@id\":\"https:\/\/vendabem.com.br\/en\/support\/#breadcrumb\",\"itemListElement\":[{\"@type\":\"ListItem\",\"position\":1,\"name\":\"In\u00edcio\",\"item\":\"https:\/\/vendabem.com.br\/en\/\"},{\"@type\":\"ListItem\",\"position\":2,\"name\":\"Support\"}]},{\"@type\":\"WebSite\",\"@id\":\"https:\/\/vendabem.com.br\/en\/#website\",\"url\":\"https:\/\/vendabem.com.br\/en\/\",\"name\":\"VendaBem\",\"description\":\"Sistemas de Gest\u00e3o para Lojas, Cinemas e Parques\",\"alternateName\":\"vendabem\",\"potentialAction\":[{\"@type\":\"SearchAction\",\"target\":{\"@type\":\"EntryPoint\",\"urlTemplate\":\"https:\/\/vendabem.com.br\/en\/?s={search_term_string}\"},\"query-input\":{\"@type\":\"PropertyValueSpecification\",\"valueRequired\":true,\"valueName\":\"search_term_string\"}}],\"inLanguage\":\"en-US\"}]}<\/script>\n<!-- \/ Yoast SEO plugin. -->","yoast_head_json":{"title":"VendaBem - Support","description":"Estamos prontos para esclarecer todas as suas d\u00favidas e garantir que voc\u00ea aproveite ao m\u00e1ximo todas as funcionalidades do nosso sistema.","robots":{"index":"index","follow":"follow","max-snippet":"max-snippet:-1","max-image-preview":"max-image-preview:large","max-video-preview":"max-video-preview:-1"},"canonical":"https:\/\/vendabem.com.br\/en\/support\/","og_locale":"en_US","og_type":"article","og_title":"VendaBem - Support","og_description":"Estamos prontos para esclarecer todas as suas d\u00favidas e garantir que voc\u00ea aproveite ao m\u00e1ximo todas as funcionalidades do nosso sistema.","og_url":"https:\/\/vendabem.com.br\/en\/support\/","og_site_name":"VendaBem","article_publisher":"https:\/\/www.facebook.com\/vendabemsistemas","article_modified_time":"2025-02-20T15:09:15+00:00","og_image":[{"width":1200,"height":675,"url":"https:\/\/vendabem.com.br\/wp-content\/uploads\/2024\/10\/Imagem-do-site-VendaBem-Yoast.jpg","type":"image\/jpeg"}],"twitter_card":"summary_large_image","twitter_misc":{"Est. reading time":"1 minute"},"schema":{"@context":"https:\/\/schema.org","@graph":[{"@type":"WebPage","@id":"https:\/\/vendabem.com.br\/en\/support\/","url":"https:\/\/vendabem.com.br\/en\/support\/","name":"VendaBem - Support","isPartOf":{"@id":"https:\/\/vendabem.com.br\/en\/#website"},"primaryImageOfPage":{"@id":"https:\/\/vendabem.com.br\/en\/support\/#primaryimage"},"image":{"@id":"https:\/\/vendabem.com.br\/en\/support\/#primaryimage"},"thumbnailUrl":"https:\/\/vendabem.com.br\/wp-content\/uploads\/2024\/10\/Imagem-do-site-VendaBem-Yoast.jpg","datePublished":"2024-09-23T02:16:18+00:00","dateModified":"2025-02-20T15:09:15+00:00","description":"Estamos prontos para esclarecer todas as suas d\u00favidas e garantir que voc\u00ea aproveite ao m\u00e1ximo todas as funcionalidades do nosso sistema.","breadcrumb":{"@id":"https:\/\/vendabem.com.br\/en\/support\/#breadcrumb"},"inLanguage":"en-US","potentialAction":[{"@type":"ReadAction","target":["https:\/\/vendabem.com.br\/en\/support\/"]}]},{"@type":"ImageObject","inLanguage":"en-US","@id":"https:\/\/vendabem.com.br\/en\/support\/#primaryimage","url":"https:\/\/vendabem.com.br\/wp-content\/uploads\/2024\/10\/Imagem-do-site-VendaBem-Yoast.jpg","contentUrl":"https:\/\/vendabem.com.br\/wp-content\/uploads\/2024\/10\/Imagem-do-site-VendaBem-Yoast.jpg","width":1200,"height":675},{"@type":"BreadcrumbList","@id":"https:\/\/vendabem.com.br\/en\/support\/#breadcrumb","itemListElement":[{"@type":"ListItem","position":1,"name":"In\u00edcio","item":"https:\/\/vendabem.com.br\/en\/"},{"@type":"ListItem","position":2,"name":"Support"}]},{"@type":"WebSite","@id":"https:\/\/vendabem.com.br\/en\/#website","url":"https:\/\/vendabem.com.br\/en\/","name":"VendaBem","description":"Sistemas de Gest\u00e3o para Lojas, Cinemas e Parques","alternateName":"vendabem","potentialAction":[{"@type":"SearchAction","target":{"@type":"EntryPoint","urlTemplate":"https:\/\/vendabem.com.br\/en\/?s={search_term_string}"},"query-input":{"@type":"PropertyValueSpecification","valueRequired":true,"valueName":"search_term_string"}}],"inLanguage":"en-US"}]}},"_links":{"self":[{"href":"https:\/\/vendabem.com.br\/en\/wp-json\/wp\/v2\/pages\/5490","targetHints":{"allow":["GET"]}}],"collection":[{"href":"https:\/\/vendabem.com.br\/en\/wp-json\/wp\/v2\/pages"}],"about":[{"href":"https:\/\/vendabem.com.br\/en\/wp-json\/wp\/v2\/types\/page"}],"author":[{"embeddable":true,"href":"https:\/\/vendabem.com.br\/en\/wp-json\/wp\/v2\/users\/1"}],"replies":[{"embeddable":true,"href":"https:\/\/vendabem.com.br\/en\/wp-json\/wp\/v2\/comments?post=5490"}],"version-history":[{"count":0,"href":"https:\/\/vendabem.com.br\/en\/wp-json\/wp\/v2\/pages\/5490\/revisions"}],"wp:featuredmedia":[{"embeddable":true,"href":"https:\/\/vendabem.com.br\/en\/wp-json\/wp\/v2\/media\/3373"}],"wp:attachment":[{"href":"https:\/\/vendabem.com.br\/en\/wp-json\/wp\/v2\/media?parent=5490"}],"curies":[{"name":"wp","href":"https:\/\/api.w.org\/{rel}","templated":true}]}}