{"id":5562,"date":"2024-08-31T00:16:14","date_gmt":"2024-08-31T00:16:14","guid":{"rendered":"https:\/\/seashell-hare-176176.hostingersite.com\/trabaja-con-nosotros\/"},"modified":"2025-02-28T14:46:13","modified_gmt":"2025-02-28T14:46:13","slug":"trabaja-con-nosotros","status":"publish","type":"page","link":"https:\/\/vendabem.com.br\/es\/trabaja-con-nosotros\/","title":{"rendered":"Trabaja con nosotros"},"content":{"rendered":"\t\t<div data-elementor-type=\"wp-page\" data-elementor-id=\"5562\" class=\"elementor elementor-5562 elementor-30\" data-elementor-post-type=\"page\">\n\t\t\t\t<div class=\"elementor-element elementor-element-e06443b e-flex e-con-boxed e-con e-parent\" data-id=\"e06443b\" data-element_type=\"container\" data-settings=\"{&quot;jet_parallax_layout_list&quot;:[]}\">\n\t\t\t\t\t<div class=\"e-con-inner\">\n\t\t\t\t<div class=\"elementor-element elementor-element-1ef026d elementor-widget elementor-widget-image\" data-id=\"1ef026d\" data-element_type=\"widget\" data-widget_type=\"image.default\">\n\t\t\t\t<div class=\"elementor-widget-container\">\n\t\t\t\t\t\t\t\t\t\t\t\t\t\t\t<img fetchpriority=\"high\" decoding=\"async\" width=\"1178\" height=\"451\" src=\"https:\/\/vendabem.com.br\/wp-content\/uploads\/2025\/01\/Trabalhe-Conosco-VendaBem-Banner.png\" class=\"attachment-full size-full wp-image-6166\" alt=\"\" srcset=\"https:\/\/vendabem.com.br\/wp-content\/uploads\/2025\/01\/Trabalhe-Conosco-VendaBem-Banner.png 1178w, https:\/\/vendabem.com.br\/wp-content\/uploads\/2025\/01\/Trabalhe-Conosco-VendaBem-Banner-300x115.png 300w, https:\/\/vendabem.com.br\/wp-content\/uploads\/2025\/01\/Trabalhe-Conosco-VendaBem-Banner-1024x392.png 1024w, https:\/\/vendabem.com.br\/wp-content\/uploads\/2025\/01\/Trabalhe-Conosco-VendaBem-Banner-768x294.png 768w\" sizes=\"(max-width: 1178px) 100vw, 1178px\" \/>\t\t\t\t\t\t\t\t\t\t\t\t\t\t\t<\/div>\n\t\t\t\t<\/div>\n\t\t<div class=\"elementor-element elementor-element-e7f8fd8 e-con-full e-flex e-con e-child\" data-id=\"e7f8fd8\" data-element_type=\"container\" data-settings=\"{&quot;jet_parallax_layout_list&quot;:[]}\">\n\t\t\t\t<div class=\"elementor-element elementor-element-6cbc371 elementor-widget elementor-widget-heading\" data-id=\"6cbc371\" data-element_type=\"widget\" data-widget_type=\"heading.default\">\n\t\t\t\t<div class=\"elementor-widget-container\">\n\t\t\t\t\t<h1 class=\"elementor-heading-title elementor-size-default\">\ud83d\udc4b \u00a1Somos VendaBem!<\/h1>\t\t\t\t<\/div>\n\t\t\t\t<\/div>\n\t\t\t\t<div class=\"elementor-element elementor-element-1d6c6e8 elementor-widget elementor-widget-text-editor\" data-id=\"1d6c6e8\" data-element_type=\"widget\" data-widget_type=\"text-editor.default\">\n\t\t\t\t<div class=\"elementor-widget-container\">\n\t\t\t\t\t\t\t\t\t<p>Fundada en 2001, VendaBem Sistemas nace con la misi\u00f3n de transformar la gesti\u00f3n empresarial a trav\u00e9s de la tecnolog\u00eda. El sue\u00f1o de Adri\u00e1n Susin, un profesional con s\u00f3lida formaci\u00f3n y experiencia en TI, se uni\u00f3 a la dedicaci\u00f3n y experiencia de Eduardo Bassotto, formando una sociedad que dio forma al rumbo de la empresa. Desde los primeros pasos, desarrollando sistemas ERP para zapater\u00edas y tiendas de ropa, hasta la expansi\u00f3n a sectores como cines y parques, VendaBem se ha consolidado como un referente en innovaci\u00f3n y excelencia.  <\/p><p>En VendaBem, nuestro enfoque principal es el empleado. Desde nuestra fundaci\u00f3n, hemos invertido continuamente en el bienestar de nuestro personal, creando un entorno de aprendizaje y crecimiento. Creemos que los empleados comprometidos y bien preparados son la clave del \u00e9xito. Por ello, fomentamos el desarrollo profesional, ofreciendo beneficios a quienes se est\u00e1n dedicando a sus estudios y apoyando el crecimiento de cada uno.   <\/p><p>Si buscas retos, innovaci\u00f3n y quieres evolucionar con nosotros, \u00a1ven a formar parte de nuestra historia! Aqu\u00ed encontrar\u00e1s un entorno acogedor, colaborativo y din\u00e1mico en el que todos tienen la oportunidad de prosperar y crecer juntos. <\/p>\t\t\t\t\t\t\t\t<\/div>\n\t\t\t\t<\/div>\n\t\t\t\t<\/div>\n\t\t\t\t\t<\/div>\n\t\t\t\t<\/div>\n\t\t<div class=\"elementor-element elementor-element-62946cf e-flex e-con-boxed e-con e-parent\" data-id=\"62946cf\" data-element_type=\"container\" data-settings=\"{&quot;jet_parallax_layout_list&quot;:[]}\">\n\t\t\t\t\t<div class=\"e-con-inner\">\n\t\t\t\t<div class=\"elementor-element elementor-element-c40969b elementor-widget elementor-widget-heading\" data-id=\"c40969b\" data-element_type=\"widget\" data-widget_type=\"heading.default\">\n\t\t\t\t<div class=\"elementor-widget-container\">\n\t\t\t\t\t<h2 class=\"elementor-heading-title elementor-size-default\">Vacantes disponibles<\/h2>\t\t\t\t<\/div>\n\t\t\t\t<\/div>\n\t\t\t\t<div class=\"elementor-element elementor-element-2940dc4 elementor-widget elementor-widget-jet-listing-grid\" data-id=\"2940dc4\" data-element_type=\"widget\" data-settings=\"{&quot;columns&quot;:&quot;1&quot;}\" data-widget_type=\"jet-listing-grid.default\">\n\t\t\t\t<div class=\"elementor-widget-container\">\n\t\t\t\t\t<div class=\"jet-listing-grid jet-listing\"><div class=\"jet-listing-grid__items grid-col-desk-1 grid-col-tablet-1 grid-col-mobile-1 jet-listing-grid--1184\" data-queried-id=\"5562|WP_Post\" data-nav=\"{&quot;enabled&quot;:false,&quot;type&quot;:null,&quot;more_el&quot;:null,&quot;query&quot;:[],&quot;widget_settings&quot;:{&quot;lisitng_id&quot;:1184,&quot;posts_num&quot;:6,&quot;columns&quot;:1,&quot;columns_tablet&quot;:1,&quot;columns_mobile&quot;:1,&quot;column_min_width&quot;:240,&quot;column_min_width_tablet&quot;:240,&quot;column_min_width_mobile&quot;:240,&quot;inline_columns_css&quot;:false,&quot;is_archive_template&quot;:&quot;&quot;,&quot;post_status&quot;:[&quot;publish&quot;],&quot;use_random_posts_num&quot;:&quot;&quot;,&quot;max_posts_num&quot;:9,&quot;not_found_message&quot;:&quot;No hay vacantes en este momento.&quot;,&quot;is_masonry&quot;:false,&quot;equal_columns_height&quot;:&quot;&quot;,&quot;use_load_more&quot;:&quot;&quot;,&quot;load_more_id&quot;:&quot;&quot;,&quot;load_more_type&quot;:&quot;click&quot;,&quot;load_more_offset&quot;:{&quot;unit&quot;:&quot;px&quot;,&quot;size&quot;:0,&quot;sizes&quot;:[]},&quot;use_custom_post_types&quot;:&quot;&quot;,&quot;custom_post_types&quot;:[],&quot;hide_widget_if&quot;:&quot;&quot;,&quot;carousel_enabled&quot;:&quot;&quot;,&quot;slides_to_scroll&quot;:&quot;1&quot;,&quot;arrows&quot;:&quot;true&quot;,&quot;arrow_icon&quot;:&quot;fa fa-angle-left&quot;,&quot;dots&quot;:&quot;&quot;,&quot;autoplay&quot;:&quot;true&quot;,&quot;pause_on_hover&quot;:&quot;true&quot;,&quot;autoplay_speed&quot;:5000,&quot;infinite&quot;:&quot;true&quot;,&quot;center_mode&quot;:&quot;&quot;,&quot;effect&quot;:&quot;slide&quot;,&quot;speed&quot;:500,&quot;inject_alternative_items&quot;:&quot;&quot;,&quot;injection_items&quot;:[],&quot;scroll_slider_enabled&quot;:&quot;&quot;,&quot;scroll_slider_on&quot;:[&quot;desktop&quot;,&quot;tablet&quot;,&quot;mobile&quot;],&quot;custom_query&quot;:false,&quot;custom_query_id&quot;:&quot;&quot;,&quot;_element_id&quot;:&quot;&quot;,&quot;collapse_first_last_gap&quot;:false,&quot;list_tag_selection&quot;:&quot;&quot;,&quot;list_items_wrapper_tag&quot;:&quot;div&quot;,&quot;list_item_tag&quot;:&quot;div&quot;,&quot;empty_items_wrapper_tag&quot;:&quot;div&quot;}}\" data-page=\"1\" data-pages=\"1\" data-listing-source=\"posts\" data-listing-id=\"1184\" data-query-id=\"\"><div class=\"jet-listing-grid__item jet-listing-dynamic-post-7847\" data-post-id=\"7847\"  >\t\t<div data-elementor-type=\"jet-listing-items\" data-elementor-id=\"1184\" class=\"elementor elementor-1184\" data-elementor-post-type=\"jet-engine\">\n\t\t\t\t<div class=\"elementor-element elementor-element-4b124c3 e-con-full e-flex e-con e-child\" data-id=\"4b124c3\" data-element_type=\"container\" data-settings=\"{&quot;jet_parallax_layout_list&quot;:[]}\">\n\t\t<div class=\"elementor-element elementor-element-571dd2c e-con-full e-flex e-con e-child\" data-id=\"571dd2c\" data-element_type=\"container\" data-settings=\"{&quot;jet_parallax_layout_list&quot;:[]}\">\n\t\t\t\t<div class=\"elementor-element elementor-element-8d73bf2 elementor-widget elementor-widget-heading\" data-id=\"8d73bf2\" data-element_type=\"widget\" data-widget_type=\"heading.default\">\n\t\t\t\t<div class=\"elementor-widget-container\">\n\t\t\t\t\t<h3 class=\"elementor-heading-title elementor-size-default\">Desenvolvedor(a) Python PL\/SR<\/h3>\t\t\t\t<\/div>\n\t\t\t\t<\/div>\n\t\t\t\t<div class=\"elementor-element elementor-element-e1d8747 elementor-icon-list--layout-inline elementor-list-item-link-inline elementor-widget elementor-widget-icon-list\" data-id=\"e1d8747\" data-element_type=\"widget\" data-widget_type=\"icon-list.default\">\n\t\t\t\t<div class=\"elementor-widget-container\">\n\t\t\t\t\t\t\t<ul class=\"elementor-icon-list-items elementor-inline-items\">\n\t\t\t\t\t\t\t<li class=\"elementor-icon-list-item elementor-inline-item\">\n\t\t\t\t\t\t\t\t\t\t\t<span class=\"elementor-icon-list-icon\">\n\t\t\t\t\t\t\t<svg aria-hidden=\"true\" class=\"e-font-icon-svg e-fas-map-marker-alt\" viewBox=\"0 0 384 512\" xmlns=\"http:\/\/www.w3.org\/2000\/svg\"><path d=\"M172.268 501.67C26.97 291.031 0 269.413 0 192 0 85.961 85.961 0 192 0s192 85.961 192 192c0 77.413-26.97 99.031-172.268 309.67-9.535 13.774-29.93 13.773-39.464 0zM192 272c44.183 0 80-35.817 80-80s-35.817-80-80-80-80 35.817-80 80 35.817 80 80 80z\"><\/path><\/svg>\t\t\t\t\t\t<\/span>\n\t\t\t\t\t\t\t\t\t\t<span class=\"elementor-icon-list-text\">Caxias do Sul<\/span>\n\t\t\t\t\t\t\t\t\t<\/li>\n\t\t\t\t\t\t\t\t<li class=\"elementor-icon-list-item elementor-inline-item\">\n\t\t\t\t\t\t\t\t\t\t\t<span class=\"elementor-icon-list-icon\">\n\t\t\t\t\t\t\t<svg aria-hidden=\"true\" class=\"e-font-icon-svg e-far-clock\" viewBox=\"0 0 512 512\" xmlns=\"http:\/\/www.w3.org\/2000\/svg\"><path d=\"M256 8C119 8 8 119 8 256s111 248 248 248 248-111 248-248S393 8 256 8zm0 448c-110.5 0-200-89.5-200-200S145.5 56 256 56s200 89.5 200 200-89.5 200-200 200zm61.8-104.4l-84.9-61.7c-3.1-2.3-4.9-5.9-4.9-9.7V116c0-6.6 5.4-12 12-12h32c6.6 0 12 5.4 12 12v141.7l66.8 48.6c5.4 3.9 6.5 11.4 2.6 16.8L334.6 349c-3.9 5.3-11.4 6.5-16.8 2.6z\"><\/path><\/svg>\t\t\t\t\t\t<\/span>\n\t\t\t\t\t\t\t\t\t\t<span class=\"elementor-icon-list-text\">Presencial<\/span>\n\t\t\t\t\t\t\t\t\t<\/li>\n\t\t\t\t\t\t<\/ul>\n\t\t\t\t\t\t<\/div>\n\t\t\t\t<\/div>\n\t\t\t\t<\/div>\n\t\t<div class=\"elementor-element elementor-element-1167e6f e-con-full e-flex e-con e-child\" data-id=\"1167e6f\" data-element_type=\"container\" data-settings=\"{&quot;jet_parallax_layout_list&quot;:[]}\">\n\t\t\t\t<div class=\"elementor-element elementor-element-beb58c9 elementor-widget elementor-widget-heading\" data-id=\"beb58c9\" data-element_type=\"widget\" data-widget_type=\"heading.default\">\n\t\t\t\t<div class=\"elementor-widget-container\">\n\t\t\t\t\t<span class=\"elementor-heading-title elementor-size-default\">Desenvolvimento<\/span>\t\t\t\t<\/div>\n\t\t\t\t<\/div>\n\t\t\t\t<\/div>\n\t\t<div class=\"elementor-element elementor-element-550199f e-con-full e-flex e-con e-child\" data-id=\"550199f\" data-element_type=\"container\" data-settings=\"{&quot;jet_parallax_layout_list&quot;:[]}\">\n\t\t\t\t<div class=\"elementor-element elementor-element-f013b83 elementor-align-justify elementor-widget elementor-widget-button\" data-id=\"f013b83\" data-element_type=\"widget\" data-widget_type=\"button.default\">\n\t\t\t\t<div class=\"elementor-widget-container\">\n\t\t\t\t\t\t\t\t\t<div class=\"elementor-button-wrapper\">\n\t\t\t\t\t<a class=\"elementor-button elementor-button-link elementor-size-sm\" href=\"https:\/\/vendabem.com.br\/es\/vagas-de-emprego\/vaga-desenvolvedor\/\">\n\t\t\t\t\t\t<span class=\"elementor-button-content-wrapper\">\n\t\t\t\t\t\t\t\t\t<span class=\"elementor-button-text\">Aplicar para vaga<\/span>\n\t\t\t\t\t<\/span>\n\t\t\t\t\t<\/a>\n\t\t\t\t<\/div>\n\t\t\t\t\t\t\t\t<\/div>\n\t\t\t\t<\/div>\n\t\t\t\t<\/div>\n\t\t\t\t<\/div>\n\t\t\t\t<\/div>\n\t\t<\/div><div class=\"jet-listing-grid__item jet-listing-dynamic-post-4243\" data-post-id=\"4243\"  >\t\t<div data-elementor-type=\"jet-listing-items\" data-elementor-id=\"1184\" class=\"elementor elementor-1184\" data-elementor-post-type=\"jet-engine\">\n\t\t\t\t<div class=\"elementor-element elementor-element-4b124c3 e-con-full e-flex e-con e-child\" data-id=\"4b124c3\" data-element_type=\"container\" data-settings=\"{&quot;jet_parallax_layout_list&quot;:[]}\">\n\t\t<div class=\"elementor-element elementor-element-571dd2c e-con-full e-flex e-con e-child\" data-id=\"571dd2c\" data-element_type=\"container\" data-settings=\"{&quot;jet_parallax_layout_list&quot;:[]}\">\n\t\t\t\t<div class=\"elementor-element elementor-element-8d73bf2 elementor-widget elementor-widget-heading\" data-id=\"8d73bf2\" data-element_type=\"widget\" data-widget_type=\"heading.default\">\n\t\t\t\t<div class=\"elementor-widget-container\">\n\t\t\t\t\t<h3 class=\"elementor-heading-title elementor-size-default\">Consultor de Atendimento ao Cliente<\/h3>\t\t\t\t<\/div>\n\t\t\t\t<\/div>\n\t\t\t\t<div class=\"elementor-element elementor-element-e1d8747 elementor-icon-list--layout-inline elementor-list-item-link-inline elementor-widget elementor-widget-icon-list\" data-id=\"e1d8747\" data-element_type=\"widget\" data-widget_type=\"icon-list.default\">\n\t\t\t\t<div class=\"elementor-widget-container\">\n\t\t\t\t\t\t\t<ul class=\"elementor-icon-list-items elementor-inline-items\">\n\t\t\t\t\t\t\t<li class=\"elementor-icon-list-item elementor-inline-item\">\n\t\t\t\t\t\t\t\t\t\t\t<span class=\"elementor-icon-list-icon\">\n\t\t\t\t\t\t\t<svg aria-hidden=\"true\" class=\"e-font-icon-svg e-fas-map-marker-alt\" viewBox=\"0 0 384 512\" xmlns=\"http:\/\/www.w3.org\/2000\/svg\"><path d=\"M172.268 501.67C26.97 291.031 0 269.413 0 192 0 85.961 85.961 0 192 0s192 85.961 192 192c0 77.413-26.97 99.031-172.268 309.67-9.535 13.774-29.93 13.773-39.464 0zM192 272c44.183 0 80-35.817 80-80s-35.817-80-80-80-80 35.817-80 80 35.817 80 80 80z\"><\/path><\/svg>\t\t\t\t\t\t<\/span>\n\t\t\t\t\t\t\t\t\t\t<span class=\"elementor-icon-list-text\">Caxias do Sul<\/span>\n\t\t\t\t\t\t\t\t\t<\/li>\n\t\t\t\t\t\t\t\t<li class=\"elementor-icon-list-item elementor-inline-item\">\n\t\t\t\t\t\t\t\t\t\t\t<span class=\"elementor-icon-list-icon\">\n\t\t\t\t\t\t\t<svg aria-hidden=\"true\" class=\"e-font-icon-svg e-far-clock\" viewBox=\"0 0 512 512\" xmlns=\"http:\/\/www.w3.org\/2000\/svg\"><path d=\"M256 8C119 8 8 119 8 256s111 248 248 248 248-111 248-248S393 8 256 8zm0 448c-110.5 0-200-89.5-200-200S145.5 56 256 56s200 89.5 200 200-89.5 200-200 200zm61.8-104.4l-84.9-61.7c-3.1-2.3-4.9-5.9-4.9-9.7V116c0-6.6 5.4-12 12-12h32c6.6 0 12 5.4 12 12v141.7l66.8 48.6c5.4 3.9 6.5 11.4 2.6 16.8L334.6 349c-3.9 5.3-11.4 6.5-16.8 2.6z\"><\/path><\/svg>\t\t\t\t\t\t<\/span>\n\t\t\t\t\t\t\t\t\t\t<span class=\"elementor-icon-list-text\">Presencial<\/span>\n\t\t\t\t\t\t\t\t\t<\/li>\n\t\t\t\t\t\t<\/ul>\n\t\t\t\t\t\t<\/div>\n\t\t\t\t<\/div>\n\t\t\t\t<\/div>\n\t\t<div class=\"elementor-element elementor-element-1167e6f e-con-full e-flex e-con e-child\" data-id=\"1167e6f\" data-element_type=\"container\" data-settings=\"{&quot;jet_parallax_layout_list&quot;:[]}\">\n\t\t\t\t<div class=\"elementor-element elementor-element-beb58c9 elementor-widget elementor-widget-heading\" data-id=\"beb58c9\" data-element_type=\"widget\" data-widget_type=\"heading.default\">\n\t\t\t\t<div class=\"elementor-widget-container\">\n\t\t\t\t\t<span class=\"elementor-heading-title elementor-size-default\">Atendimento<\/span>\t\t\t\t<\/div>\n\t\t\t\t<\/div>\n\t\t\t\t<\/div>\n\t\t<div class=\"elementor-element elementor-element-550199f e-con-full e-flex e-con e-child\" data-id=\"550199f\" data-element_type=\"container\" data-settings=\"{&quot;jet_parallax_layout_list&quot;:[]}\">\n\t\t\t\t<div class=\"elementor-element elementor-element-f013b83 elementor-align-justify elementor-widget elementor-widget-button\" data-id=\"f013b83\" data-element_type=\"widget\" data-widget_type=\"button.default\">\n\t\t\t\t<div class=\"elementor-widget-container\">\n\t\t\t\t\t\t\t\t\t<div class=\"elementor-button-wrapper\">\n\t\t\t\t\t<a class=\"elementor-button elementor-button-link elementor-size-sm\" href=\"https:\/\/vendabem.com.br\/es\/vagas-de-emprego\/consultor-de-atendimento-ao-cliente\/\">\n\t\t\t\t\t\t<span class=\"elementor-button-content-wrapper\">\n\t\t\t\t\t\t\t\t\t<span class=\"elementor-button-text\">Aplicar para vaga<\/span>\n\t\t\t\t\t<\/span>\n\t\t\t\t\t<\/a>\n\t\t\t\t<\/div>\n\t\t\t\t\t\t\t\t<\/div>\n\t\t\t\t<\/div>\n\t\t\t\t<\/div>\n\t\t\t\t<\/div>\n\t\t\t\t<\/div>\n\t\t<\/div><\/div><\/div>\t\t\t\t<\/div>\n\t\t\t\t<\/div>\n\t\t\t\t\t<\/div>\n\t\t\t\t<\/div>\n\t\t\t\t<\/div>\n\t\t","protected":false},"excerpt":{"rendered":"<p>\ud83d\udc4b \u00a1Somos VendaBem! Fundada en 2001, VendaBem Sistemas nace con la misi\u00f3n de transformar la gesti\u00f3n empresarial a trav\u00e9s de la tecnolog\u00eda. El sue\u00f1o de Adri\u00e1n Susin, un profesional con s\u00f3lida formaci\u00f3n y experiencia en TI, se uni\u00f3 a la dedicaci\u00f3n y experiencia de Eduardo Bassotto, formando una sociedad que dio forma al rumbo de [&hellip;]<\/p>\n","protected":false},"author":1,"featured_media":3374,"parent":0,"menu_order":0,"comment_status":"closed","ping_status":"closed","template":"elementor_header_footer","meta":{"footnotes":""},"class_list":["post-5562","page","type-page","status-publish","has-post-thumbnail","hentry"],"yoast_head":"<!-- This site is optimized with the Yoast SEO plugin v26.8 - https:\/\/yoast.com\/product\/yoast-seo-wordpress\/ -->\n<title>VendaBem - Trabaja con nosotros<\/title>\n<meta name=\"description\" content=\"\u00bfQuieres trabajar con nosotros? Forma parte de una empresa tecnol\u00f3gica que quiere verte crecer.\" \/>\n<meta name=\"robots\" content=\"index, follow, max-snippet:-1, max-image-preview:large, max-video-preview:-1\" \/>\n<link rel=\"canonical\" href=\"https:\/\/vendabem.com.br\/es\/trabaja-con-nosotros\/\" \/>\n<meta property=\"og:locale\" content=\"es_ES\" \/>\n<meta property=\"og:type\" content=\"article\" \/>\n<meta property=\"og:title\" content=\"VendaBem - Trabaja con nosotros\" \/>\n<meta property=\"og:description\" content=\"\u00bfQuieres trabajar con nosotros? Forma parte de una empresa tecnol\u00f3gica que quiere verte crecer.\" \/>\n<meta property=\"og:url\" content=\"https:\/\/vendabem.com.br\/es\/trabaja-con-nosotros\/\" \/>\n<meta property=\"og:site_name\" content=\"VendaBem\" \/>\n<meta property=\"article:publisher\" content=\"https:\/\/www.facebook.com\/vendabemsistemas\" \/>\n<meta property=\"article:modified_time\" content=\"2025-02-28T14:46:13+00:00\" \/>\n<meta property=\"og:image\" content=\"https:\/\/vendabem.com.br\/wp-content\/uploads\/2024\/10\/Imagem-do-site-VendaBem-Yoast.jpg\" \/>\n\t<meta property=\"og:image:width\" content=\"1200\" \/>\n\t<meta property=\"og:image:height\" content=\"675\" \/>\n\t<meta property=\"og:image:type\" content=\"image\/jpeg\" \/>\n<meta name=\"twitter:card\" content=\"summary_large_image\" \/>\n<meta name=\"twitter:label1\" content=\"Tiempo de lectura\" \/>\n\t<meta name=\"twitter:data1\" content=\"1 minuto\" \/>\n<script type=\"application\/ld+json\" class=\"yoast-schema-graph\">{\"@context\":\"https:\/\/schema.org\",\"@graph\":[{\"@type\":\"WebPage\",\"@id\":\"https:\/\/vendabem.com.br\/es\/trabaja-con-nosotros\/\",\"url\":\"https:\/\/vendabem.com.br\/es\/trabaja-con-nosotros\/\",\"name\":\"VendaBem - Trabaja con nosotros\",\"isPartOf\":{\"@id\":\"https:\/\/vendabem.com.br\/es\/#website\"},\"primaryImageOfPage\":{\"@id\":\"https:\/\/vendabem.com.br\/es\/trabaja-con-nosotros\/#primaryimage\"},\"image\":{\"@id\":\"https:\/\/vendabem.com.br\/es\/trabaja-con-nosotros\/#primaryimage\"},\"thumbnailUrl\":\"https:\/\/vendabem.com.br\/wp-content\/uploads\/2024\/10\/Imagem-do-site-VendaBem-Yoast.jpg\",\"datePublished\":\"2024-08-31T00:16:14+00:00\",\"dateModified\":\"2025-02-28T14:46:13+00:00\",\"description\":\"\u00bfQuieres trabajar con nosotros? Forma parte de una empresa tecnol\u00f3gica que quiere verte crecer.\",\"breadcrumb\":{\"@id\":\"https:\/\/vendabem.com.br\/es\/trabaja-con-nosotros\/#breadcrumb\"},\"inLanguage\":\"es\",\"potentialAction\":[{\"@type\":\"ReadAction\",\"target\":[\"https:\/\/vendabem.com.br\/es\/trabaja-con-nosotros\/\"]}]},{\"@type\":\"ImageObject\",\"inLanguage\":\"es\",\"@id\":\"https:\/\/vendabem.com.br\/es\/trabaja-con-nosotros\/#primaryimage\",\"url\":\"https:\/\/vendabem.com.br\/wp-content\/uploads\/2024\/10\/Imagem-do-site-VendaBem-Yoast.jpg\",\"contentUrl\":\"https:\/\/vendabem.com.br\/wp-content\/uploads\/2024\/10\/Imagem-do-site-VendaBem-Yoast.jpg\",\"width\":1200,\"height\":675},{\"@type\":\"BreadcrumbList\",\"@id\":\"https:\/\/vendabem.com.br\/es\/trabaja-con-nosotros\/#breadcrumb\",\"itemListElement\":[{\"@type\":\"ListItem\",\"position\":1,\"name\":\"In\u00edcio\",\"item\":\"https:\/\/vendabem.com.br\/es\/\"},{\"@type\":\"ListItem\",\"position\":2,\"name\":\"Trabaja con nosotros\"}]},{\"@type\":\"WebSite\",\"@id\":\"https:\/\/vendabem.com.br\/es\/#website\",\"url\":\"https:\/\/vendabem.com.br\/es\/\",\"name\":\"VendaBem\",\"description\":\"Sistemas de Gest\u00e3o para Lojas, Cinemas e Parques\",\"alternateName\":\"vendabem\",\"potentialAction\":[{\"@type\":\"SearchAction\",\"target\":{\"@type\":\"EntryPoint\",\"urlTemplate\":\"https:\/\/vendabem.com.br\/es\/?s={search_term_string}\"},\"query-input\":{\"@type\":\"PropertyValueSpecification\",\"valueRequired\":true,\"valueName\":\"search_term_string\"}}],\"inLanguage\":\"es\"}]}<\/script>\n<!-- \/ Yoast SEO plugin. -->","yoast_head_json":{"title":"VendaBem - Trabaja con nosotros","description":"\u00bfQuieres trabajar con nosotros? Forma parte de una empresa tecnol\u00f3gica que quiere verte crecer.","robots":{"index":"index","follow":"follow","max-snippet":"max-snippet:-1","max-image-preview":"max-image-preview:large","max-video-preview":"max-video-preview:-1"},"canonical":"https:\/\/vendabem.com.br\/es\/trabaja-con-nosotros\/","og_locale":"es_ES","og_type":"article","og_title":"VendaBem - Trabaja con nosotros","og_description":"\u00bfQuieres trabajar con nosotros? Forma parte de una empresa tecnol\u00f3gica que quiere verte crecer.","og_url":"https:\/\/vendabem.com.br\/es\/trabaja-con-nosotros\/","og_site_name":"VendaBem","article_publisher":"https:\/\/www.facebook.com\/vendabemsistemas","article_modified_time":"2025-02-28T14:46:13+00:00","og_image":[{"width":1200,"height":675,"url":"https:\/\/vendabem.com.br\/wp-content\/uploads\/2024\/10\/Imagem-do-site-VendaBem-Yoast.jpg","type":"image\/jpeg"}],"twitter_card":"summary_large_image","twitter_misc":{"Tiempo de lectura":"1 minuto"},"schema":{"@context":"https:\/\/schema.org","@graph":[{"@type":"WebPage","@id":"https:\/\/vendabem.com.br\/es\/trabaja-con-nosotros\/","url":"https:\/\/vendabem.com.br\/es\/trabaja-con-nosotros\/","name":"VendaBem - Trabaja con nosotros","isPartOf":{"@id":"https:\/\/vendabem.com.br\/es\/#website"},"primaryImageOfPage":{"@id":"https:\/\/vendabem.com.br\/es\/trabaja-con-nosotros\/#primaryimage"},"image":{"@id":"https:\/\/vendabem.com.br\/es\/trabaja-con-nosotros\/#primaryimage"},"thumbnailUrl":"https:\/\/vendabem.com.br\/wp-content\/uploads\/2024\/10\/Imagem-do-site-VendaBem-Yoast.jpg","datePublished":"2024-08-31T00:16:14+00:00","dateModified":"2025-02-28T14:46:13+00:00","description":"\u00bfQuieres trabajar con nosotros? Forma parte de una empresa tecnol\u00f3gica que quiere verte crecer.","breadcrumb":{"@id":"https:\/\/vendabem.com.br\/es\/trabaja-con-nosotros\/#breadcrumb"},"inLanguage":"es","potentialAction":[{"@type":"ReadAction","target":["https:\/\/vendabem.com.br\/es\/trabaja-con-nosotros\/"]}]},{"@type":"ImageObject","inLanguage":"es","@id":"https:\/\/vendabem.com.br\/es\/trabaja-con-nosotros\/#primaryimage","url":"https:\/\/vendabem.com.br\/wp-content\/uploads\/2024\/10\/Imagem-do-site-VendaBem-Yoast.jpg","contentUrl":"https:\/\/vendabem.com.br\/wp-content\/uploads\/2024\/10\/Imagem-do-site-VendaBem-Yoast.jpg","width":1200,"height":675},{"@type":"BreadcrumbList","@id":"https:\/\/vendabem.com.br\/es\/trabaja-con-nosotros\/#breadcrumb","itemListElement":[{"@type":"ListItem","position":1,"name":"In\u00edcio","item":"https:\/\/vendabem.com.br\/es\/"},{"@type":"ListItem","position":2,"name":"Trabaja con nosotros"}]},{"@type":"WebSite","@id":"https:\/\/vendabem.com.br\/es\/#website","url":"https:\/\/vendabem.com.br\/es\/","name":"VendaBem","description":"Sistemas de Gest\u00e3o para Lojas, Cinemas e Parques","alternateName":"vendabem","potentialAction":[{"@type":"SearchAction","target":{"@type":"EntryPoint","urlTemplate":"https:\/\/vendabem.com.br\/es\/?s={search_term_string}"},"query-input":{"@type":"PropertyValueSpecification","valueRequired":true,"valueName":"search_term_string"}}],"inLanguage":"es"}]}},"_links":{"self":[{"href":"https:\/\/vendabem.com.br\/es\/wp-json\/wp\/v2\/pages\/5562","targetHints":{"allow":["GET"]}}],"collection":[{"href":"https:\/\/vendabem.com.br\/es\/wp-json\/wp\/v2\/pages"}],"about":[{"href":"https:\/\/vendabem.com.br\/es\/wp-json\/wp\/v2\/types\/page"}],"author":[{"embeddable":true,"href":"https:\/\/vendabem.com.br\/es\/wp-json\/wp\/v2\/users\/1"}],"replies":[{"embeddable":true,"href":"https:\/\/vendabem.com.br\/es\/wp-json\/wp\/v2\/comments?post=5562"}],"version-history":[{"count":0,"href":"https:\/\/vendabem.com.br\/es\/wp-json\/wp\/v2\/pages\/5562\/revisions"}],"wp:featuredmedia":[{"embeddable":true,"href":"https:\/\/vendabem.com.br\/es\/wp-json\/wp\/v2\/media\/3374"}],"wp:attachment":[{"href":"https:\/\/vendabem.com.br\/es\/wp-json\/wp\/v2\/media?parent=5562"}],"curies":[{"name":"wp","href":"https:\/\/api.w.org\/{rel}","templated":true}]}}